{"id":16372,"date":"2024-06-10T11:18:39","date_gmt":"2024-06-10T09:18:39","guid":{"rendered":"https:\/\/www.marketinet.com\/politica-de-privacidad\/"},"modified":"2025-10-15T15:29:22","modified_gmt":"2025-10-15T13:29:22","slug":"politica-de-privacidad","status":"publish","type":"page","link":"https:\/\/www.marketinet.com\/en\/digital-marketing-agency\/politica-de-privacidad\/","title":{"rendered":"[LEGALES] Pol\u00edtica privacidad"},"content":{"rendered":"<p>[et_pb_section fb_built=&#8221;1&#8243; _builder_version=&#8221;4.25.1&#8243; _module_preset=&#8221;default&#8221; global_colors_info=&#8221;{}&#8221;][et_pb_row _builder_version=&#8221;4.25.1&#8243; _module_preset=&#8221;default&#8221; global_colors_info=&#8221;{}&#8221;][et_pb_column type=&#8221;4_4&#8243; _builder_version=&#8221;4.25.1&#8243; _module_preset=&#8221;default&#8221; global_colors_info=&#8221;{}&#8221;][et_pb_code disabled_on=&#8221;on|on|on&#8221; _builder_version=&#8221;4.27.4&#8243; _module_preset=&#8221;default&#8221; disabled=&#8221;on&#8221; global_colors_info=&#8221;{}&#8221;]<link href=\"https:\/\/fonts.googleapis.com\/css?family=Caveat:700\" rel=\"stylesheet\">[\/et_pb_code][et_pb_code disabled_on=&#8221;on|on|on&#8221; _builder_version=&#8221;4.27.4&#8243; _module_preset=&#8221;default&#8221; disabled=&#8221;on&#8221; global_colors_info=&#8221;{}&#8221;]<\/p>\n<div class=\"cdm-page cdm-cards-container cdm-cards-container-no-footer cdm-privacy body-container page-center\"><!-- [et_pb_line_break_holder] --><\/p>\n<div class=\"\"><!-- [et_pb_line_break_holder] --><\/p>\n<div class=\"cdm-card first-card\"><!-- [et_pb_line_break_holder] --><\/p>\n<div class=\"cdm-privacy-header\"><img decoding=\"async\" data-src=\"https:\/\/www.marketinet.com\/wp-content\/uploads\/2024\/06\/politica-seguridad.png\" alt=\"politica-seguridad\" width=\"218\" style=\"--smush-placeholder-width: 272px; --smush-placeholder-aspect-ratio: 272\/370;width: 218px;\" src=\"data:image\/svg+xml;base64,PHN2ZyB3aWR0aD0iMSIgaGVpZ2h0PSIxIiB4bWxucz0iaHR0cDovL3d3dy53My5vcmcvMjAwMC9zdmciPjwvc3ZnPg==\" class=\"lazyload\"><!-- [et_pb_line_break_holder] --><\/p>\n<h1 class=\"cdm-title-large\">POL\u00cdTICA DE PRIVACIDAD<!\u2013- [et_pb_br_holder] -\u2013><span class=\"cdm-title-x-small\">Actualizado el 31 de diciembre de 2024 <\/span><\/h1>\n<p><!-- [et_pb_line_break_holder] --><\/div>\n<p><!-- [et_pb_line_break_holder] --><!--.\/cdm-privacy-header--><!-- [et_pb_line_break_holder] --><pee class=\"cdm-paragraph--last\">Como Agencia de Marketing y Publicidad Digital, en MarketiNet velamos siempre por la privacidad de la informaci\u00f3n de las personas y empresas para las que trabajamos. Por este motivo, tratamos con mucho cuidado y total transparencia todo lo relativo a la seguridad de datos, manteni\u00e9ndonos siempre en vanguardia de aplicaci\u00f3n de la legislaci\u00f3n, la tecnolog\u00eda y por supuesto, de la formaci\u00f3n e implicaci\u00f3n de nuestro personal para el desempe\u00f1o responsable de cada una de sus tareas.<!\u2013- [et_pb_br_holder] -\u2013><!\u2013- [et_pb_br_holder] -\u2013>En esta p\u00e1gina, que iremos actualizando a medida que se produzca cualquier novedad, reuniremos TODA LA INFORMACI\u00d3N que debes conocer sobre c\u00f3mo tratamos tus datos, la informaci\u00f3n que nos proporcionas, la que te ofrecemos y la tecnolog\u00eda que utilizamos para hacerlo.<!\u2013- [et_pb_br_holder] -\u2013><!\u2013- [et_pb_br_holder] -\u2013><span>Y por supuesto, si tienes cualquier duda, o quieres <\/span><span>hace<\/span><span>rnos<\/span><span> cualquier sugerencia, <\/span><span>ponte<\/span><span> en contacto conmigo, el DPO de <\/span><span>MarketiNet<\/span><span>, ya que soy la persona responsable de velar por el cumplimiento de todo lo que aqu\u00ed se dice y por supuesto de atenderte cuando me necesites.<\/span><!\u2013- [et_pb_br_holder] -\u2013><!\u2013- [et_pb_br_holder] -\u2013><\/pee><!-- [et_pb_line_break_holder] --><!-- [et_pb_line_break_holder] --><pee class=\"\">Gracias por depositar en nosotros tu confianza, a cambio te prometemos que trabajamos y nos esforzaremos por no decepcionarte.<!\u2013- [et_pb_br_holder] -\u2013><!\u2013- [et_pb_br_holder] -\u2013><\/pee><!-- [et_pb_line_break_holder] --><pee class=\"cdm-paragraph--last firma\">DPO MARKETINET <!\u2013- [et_pb_br_holder] -\u2013><a href=\"mailto:dpo@marketinet.com\">dpo@marketinet.com<\/a><\/pee><!-- [et_pb_line_break_holder] --><\/p>\n<table class=\"hidden-xs cdm-basic-info\" style=\"width: 100%; height: 2046.5px;\">\n<colgroup>\n<col style=\"width: 26.2014%;\" width=\"39%\">\n<col style=\"width: 73.5698%;\" width=\"71%\"><\/colgroup>\n<p><!-- [et_pb_line_break_holder] --><\/p>\n<tbody><!-- [et_pb_line_break_holder] --><\/p>\n<tr style=\"height: 258px;\"><!-- [et_pb_line_break_holder] --><\/p>\n<td class=\"t-header\" style=\"height: 258px;\">Responsable del tratamiento de datos<\/td>\n<p><!-- [et_pb_line_break_holder] --><\/p>\n<td style=\"height: 258px;\"><!-- [et_pb_line_break_holder] --><pee>MARKETINET S.L.\u00a0<!\u2013- [et_pb_br_holder] -\u2013>NIF B83598607 \u00a0<!\u2013- [et_pb_br_holder] -\u2013>Calle Cronos, 63. 28037 Madrid (Espa\u00f1a)\u00a0<!\u2013- [et_pb_br_holder] -\u2013>Empresa inscrita en el Registro Mercantil de Madrid al Tomo 18.673, Libro 0, Folio 134, Secci\u00f3n 8, Hoja M-325033.\u00a0<!\u2013- [et_pb_br_holder] -\u2013>Tel\u00e9fono:<span style=\"color: #f7941d;\"> <a href=\"tel:+34 91 712 34 20 \">+34 91 712 34 20 <\/a> <\/span><!\u2013- [et_pb_br_holder] -\u2013>Email: <span style=\"color: #f7941d;\"><a href=\"mailto:info@marketinet.com\" rel=\"noopener\" style=\"color: #f7941d;\">info@marketinet.com<\/a><\/span><\/pee><!-- [et_pb_line_break_holder] --><\/td>\n<p><!-- [et_pb_line_break_holder] --><\/tr>\n<p><!-- [et_pb_line_break_holder] --><\/p>\n<tr style=\"height: 109.094px;\"><!-- [et_pb_line_break_holder] --><\/p>\n<td class=\"t-header\" style=\"height: 109px;\">Delegado de protecci\u00f3n de datos (DPO)<\/td>\n<p><!-- [et_pb_line_break_holder] --><\/p>\n<td style=\"height: 109px;\">Puedes contactar conmigo escribi\u00e9ndome un email a <a href=\"mailto:dpo@marketinet.com\">dpo@marketinet.com<\/a> o bien mediante carta a DPO MARKETINET. Calle Cronos 63. 28037 Madrid.<\/td>\n<p><!-- [et_pb_line_break_holder] --><\/tr>\n<p><!-- [et_pb_line_break_holder] --><\/p>\n<tr style=\"height: 212px;\"><!-- [et_pb_line_break_holder] --><\/p>\n<td class=\"t-header\" style=\"height: 212px;\">Finalidad del tratamiento de tus datos<\/td>\n<p><!-- [et_pb_line_break_holder] --><\/p>\n<td style=\"height: 212px;\"><b>Datos de solicitudes de informaci\u00f3n o contacto<\/b>: Dar respuesta a las mismas.<!-- [et_pb_line_break_holder] --><!\u2013- [et_pb_br_holder] -\u2013><!\u2013- [et_pb_br_holder] -\u2013><b>Datos de clientes<\/b>: Gestionar las comunicaciones y relaciones administrativas con los mismos.<!\u2013- [et_pb_br_holder] -\u2013><!\u2013- [et_pb_br_holder] -\u2013><b>Datos para el env\u00edo de boletines informativos<\/b>: Enviar informaci\u00f3n relativa a Marketing Digital que pueda ser de inter\u00e9s para quien nos solicite recibir los mismos.<\/td>\n<p><!-- [et_pb_line_break_holder] --><\/tr>\n<p><!-- [et_pb_line_break_holder] --><\/p>\n<tr style=\"height: 97.3906px;\"><!-- [et_pb_line_break_holder] --><\/p>\n<td class=\"t-header\" style=\"height: 97px;\">Legitimaci\u00f3n del tratamiento:<\/td>\n<p><!-- [et_pb_line_break_holder] --><\/p>\n<td style=\"height: 97px;\">El consentimiento expreso de los titulares de los datos.<\/td>\n<p><!-- [et_pb_line_break_holder] --><\/tr>\n<p><!-- [et_pb_line_break_holder] --><\/p>\n<tr style=\"height: 267.031px;\"><!-- [et_pb_line_break_holder] --><\/p>\n<td class=\"t-header\" style=\"height: 97px;\">\u00bfQu\u00e9 datos personales obtenemos y tratamos?<\/td>\n<p><!-- [et_pb_line_break_holder] --><\/p>\n<td style=\"padding: 4px; height: 267px;\">Los relacionado con la navegaci\u00f3n de los usuarios para confeccionar estad\u00edsticas, as\u00ed como los datos personales que nos entreguen a trav\u00e9s de los formularios de la p\u00e1gina web:\u00a0<!\u2013- [et_pb_br_holder] -\u2013>\u00a0<!\u2013- [et_pb_br_holder] -\u2013>Nombre\u202f\u00a0<!\u2013- [et_pb_br_holder] -\u2013>Apellido\u00a0<!\u2013- [et_pb_br_holder] -\u2013>Email\u00a0<!\u2013- [et_pb_br_holder] -\u2013>Cargo\u202f\u00a0<!\u2013- [et_pb_br_holder] -\u2013>Empresa\u00a0<!\u2013- [et_pb_br_holder] -\u2013>Tel\u00e9fono<\/td>\n<p><!-- [et_pb_line_break_holder] --><\/tr>\n<p><!-- [et_pb_line_break_holder] --><\/p>\n<tr style=\"height: 326px;\"><!-- [et_pb_line_break_holder] --><\/p>\n<td class=\"t-header\" style=\"height: 238px;\">\u00bfDurante cu\u00e1nto tiempo conservamos tus datos?<\/td>\n<p><!-- [et_pb_line_break_holder] --><\/p>\n<td style=\"height: 238px;\"><b>Datos de solicitudes de informaci\u00f3n o contacto<\/b>: Los datos proporcionados a trav\u00e9s de formularios de informaci\u00f3n o contacto se conservar\u00e1n \u00fanicamente durante el tiempo necesario para gestionar y responder a la solicitud correspondiente.<!\u2013- [et_pb_br_holder] -\u2013><!\u2013- [et_pb_br_holder] -\u2013><b>Datos de clientes<\/b>: Los datos de los clientes a quienes prestamos servicios se conservar\u00e1n hasta la finalizaci\u00f3n de la relaci\u00f3n contractual, m\u00e1s el periodo adicional requerido por la normativa vigente para fines legales, fiscales o de documentaci\u00f3n.<!\u2013- [et_pb_br_holder] -\u2013><!\u2013- [et_pb_br_holder] -\u2013><b>Datos para el env\u00edo de boletines informativos<\/b>: Los datos de las personas suscritas a nuestros boletines se conservar\u00e1n hasta que soliciten su baja mediante los medios habilitados para tal fin.<\/td>\n<p><!-- [et_pb_line_break_holder] --><b<!-- [et_pb_line_break_holder] --><\/tr>\n<p><!-- [et_pb_line_break_holder] --><\/p>\n<tr style=\"height: 238px;\"><!-- [et_pb_line_break_holder] --><\/p>\n<td class=\"t-header\" style=\"height: 238px;\">Encargados del tratamiento de datos:<\/td>\n<p><!-- [et_pb_line_break_holder] --><\/p>\n<td style=\"height: 238px;\">En MarketiNet implementamos para nosotros mismos herramientas que nos permiten trazar la navegaci\u00f3n de los usuarios, pudiendo as\u00ed elaborar perfiles estad\u00edsticos que nos permiten ofrecer a quien nos visitan una informaci\u00f3n m\u00e1s directa y personalizada. Para ello, siempre elegimos proveedores de notoria experiencia y solvencia como son: Active Campign, Google y Yandex.<!\u2013- [et_pb_br_holder] -\u2013><!\u2013- [et_pb_br_holder] -\u2013>Todos ellos han confirmado ajustarse a la normativa europea de protecci\u00f3n de datos personales.<\/td>\n<p><!-- [et_pb_line_break_holder] --><\/tr>\n<p><!-- [et_pb_line_break_holder] --><\/p>\n<tr style=\"height: 706px;\"><!-- [et_pb_line_break_holder] --><\/p>\n<td class=\"t-header\" style=\"height: 706px;\">Derechos de nuestros usuarios y clientes sobre sus datos:<\/td>\n<p><!-- [et_pb_line_break_holder] --><\/p>\n<td style=\"height: 706px;\">A continuaci\u00f3n, te informamos de los derechos que tienes en relaci\u00f3n con los datos que nos conf\u00edes:\u00a0<!\u2013- [et_pb_br_holder] -\u2013><!-- [et_pb_line_break_holder] --><\/p>\n<ul><!-- [et_pb_line_break_holder] --><\/p>\n<li>Derecho a solicitar el acceso a tus datos personales.\u00a0<\/li>\n<p><!-- [et_pb_line_break_holder] --><\/p>\n<li>Derecho a solicitar su rectificaci\u00f3n o supresi\u00f3n.\u00a0<\/li>\n<p><!-- [et_pb_line_break_holder] --><\/p>\n<li>Derecho a solicitar la limitaci\u00f3n de su tratamiento.\u00a0<\/li>\n<p><!-- [et_pb_line_break_holder] --><\/p>\n<li>Derecho a oponerte a su \u00a0tratamiento.\u00a0<\/li>\n<p><!-- [et_pb_line_break_holder] --><\/p>\n<li>Derecho a pedir su portabilidad a un tercero por ti designado y autorizado.\u00a0<\/li>\n<p><!-- [et_pb_line_break_holder] --><\/p>\n<li>Derecho a retirar tu consentimiento en cualquier momento.\u00a0<\/li>\n<p><!-- [et_pb_line_break_holder] --><\/ul>\n<p><!-- [et_pb_line_break_holder] --><pee>Para tramitar la solicitud del ejercicio de estos derechos puedes escribirnos a<a href=\"mailto:dpo@marketinet.com\" rel=\"noopener\"><span style=\"color: #f7941d;\"> dpo@marketinet.com<\/span><\/a> \u00a0o mandarnos una carta mediante correo postal dirigido a:<\/pee><!-- [et_pb_line_break_holder] --><pee>DPO MARKETINET. Calle Cronos 63. 28037 Madrid.\u00a0<!\u2013- [et_pb_br_holder] -\u2013><!\u2013- [et_pb_br_holder] -\u2013>Tambi\u00e9n puedes hacerlo ahora de forma online desde nuestro <a href=\"..\/..\/agencia-marketing-digital\/formulario-derechos-arco-gprd\/\" rel=\"noopener\" target=\"_blank\"><span style=\"color: #f7941d;\"> FORMULARIO PARA EJERCER DERECHOS SOBRE DATOS PERSONALES<\/span>\u00a0<\/a><\/pee><!-- [et_pb_line_break_holder] --><pee>Para evitar el acceso a tus datos por\u202fparte de terceros te podremos\u202fsolicitar tu DNI u otro documento v\u00e1lido identificativo.\u00a0<\/pee><!-- [et_pb_line_break_holder] --><pee>Puedes visitar la\u202f<span style=\"color: #f7941d;\"><a href=\"https:\/\/www.aepd.es\/\" rel=\"noopener\" target=\"_blank\" style=\"color: #f7941d;\"> web de la Agencia Espa\u00f1ola de Protecci\u00f3n de Datos <\/a><\/span>\u202fpara conocer m\u00e1s sobre tus derechos, as\u00ed como presentar una reclamaci\u00f3n en la misma si no atendemos a tu solicitud en el ejercicio de tus derechos.\u00a0<\/pee><!-- [et_pb_line_break_holder] --><\/td>\n<p><!-- [et_pb_line_break_holder] --><\/tr>\n<p><!-- [et_pb_line_break_holder] --><\/tbody>\n<p><!-- [et_pb_line_break_holder] --><\/table>\n<p><!-- [et_pb_line_break_holder] --><pee>\u00a0<\/pee><!-- [et_pb_line_break_holder] --><\/p>\n<h1 class=\"cdm-title-large\">ESTA ES NUESTRA POL\u00cdTICA DE SEGURIDAD<!\u2013- [et_pb_br_holder] -\u2013><span class=\"cdm-title-x-small\">Actualizado el 31 de diciembre de 2024 <\/span><\/h1>\n<p><!-- [et_pb_line_break_holder] --><pee>Debido a nuestra actividad como <strong>Agencia de marketing digital<\/strong>, en <strong><span data-contrast=\"auto\">MARKETINET<\/span><\/strong> sabemos que la informaci\u00f3n es un activo con un elevado valor tanto para nuestra organizaci\u00f3n como para nuestros clientes y requiere, por lo tanto, una protecci\u00f3n y gesti\u00f3n adecuadas con el fin de dar continuidad a nuestra l\u00ednea de negocio y minimizar los posibles da\u00f1os ocasionados por fallos con respecto a la integridad, disponibilidad y confidencialidad de la informaci\u00f3n. Adem\u00e1s, en cumplimiento de la legislaci\u00f3n sobre protecci\u00f3n de datos personales, ponemos todos los recursos a nuestro alcance para proteger la privacidad de los datos personales a los que accedemos en nuestro negocio, tanto los internos de nuestra organizaci\u00f3n como los proporcionados por nuestros clientes.<\/pee><!-- [et_pb_line_break_holder] --><!\u2013- [et_pb_br_holder] -\u2013><!-- [et_pb_line_break_holder] --><pee><strong>Para todo ello MARKETINET adquiere los siguientes compromisos:<\/strong><\/pee><!-- [et_pb_line_break_holder] --><\/p>\n<ul><!-- [et_pb_line_break_holder] --><\/p>\n<li>La voluntad permanente de<strong> MARKETINET <\/strong>en materia de Gesti\u00f3n de la Seguridad y la privacidad de la Informaci\u00f3n se pondr\u00e1 de manifiesto a trav\u00e9s de programas de formaci\u00f3n y sensibilizaci\u00f3n que fomenten la gesti\u00f3n participativa en esos \u00e1mbitos, posibilitando que las habilidades del personal sean utilizadas para la mejora continua del proceso productivo.<\/li>\n<p><!-- [et_pb_line_break_holder] --><!\u2013- [et_pb_br_holder] -\u2013><!-- [et_pb_line_break_holder] --><\/p>\n<li>Para garantizar el desarrollo de sus actividades dentro de la normativa y reglamentaci\u00f3n aplicable, se dar\u00e1 cumplimiento a la legislaci\u00f3n, en particular a la referente a protecdci\u00f3n de datos personales, as\u00ed como a otros requisitos suscritos con sus clientes incluyendo los referentes a la Seguridad de la Informaci\u00f3n y la privacidad de los datos personales.<\/li>\n<p><!-- [et_pb_line_break_holder] --><!\u2013- [et_pb_br_holder] -\u2013><!-- [et_pb_line_break_holder] --><\/p>\n<li>Documentar procesos de gesti\u00f3n de los datos personales y la seguridad de la informaci\u00f3n.<\/li>\n<p><!-- [et_pb_line_break_holder] --><!\u2013- [et_pb_br_holder] -\u2013><!-- [et_pb_line_break_holder] --><\/p>\n<li>Cumplir con los requisitos y mejorar de forma continua la eficacia del Sistema de Gesti\u00f3n de la Seguridad y la privacidad de la Informaci\u00f3n, mediante la implantaci\u00f3n de sistemas de medici\u00f3n y seguimiento de las soluciones y desarrollos realizados para nuestros clientes, as\u00ed como de objetivos de Seguridad y privacidad de la Informaci\u00f3n.<\/li>\n<p><!-- [et_pb_line_break_holder] --><!\u2013- [et_pb_br_holder] -\u2013><!-- [et_pb_line_break_holder] --><\/p>\n<li>Asegurar la continuidad del negocio desarrollando planes de continuidad conformes a metodolog\u00edas reconocidas.<\/li>\n<p><!-- [et_pb_line_break_holder] --><!\u2013- [et_pb_br_holder] -\u2013><!-- [et_pb_line_break_holder] --><\/p>\n<li>Realizar y revisar peri\u00f3dicamente un an\u00e1lisis de riesgos basados en m\u00e9todos reconocidos que nos permitan establecer el nivel de seguridad de la informaci\u00f3n y los datos personales y minimizar los riesgos mediante el desarrollo de pol\u00edticas espec\u00edficas, soluciones t\u00e9cnicas y acuerdos contractuales con   especializadas.<\/li>\n<p><!-- [et_pb_line_break_holder] --><!\u2013- [et_pb_br_holder] -\u2013><!-- [et_pb_line_break_holder] --><\/p>\n<li>EL personal de <strong>MARKETINET <\/strong>desarrollar\u00e1 su trabajo orientado a la consecuci\u00f3n de los objetivos marcados y de acuerdo, en todo momento, con los requisitos legales.<\/li>\n<p><!-- [et_pb_line_break_holder] --><\/ul>\n<p><!-- [et_pb_line_break_holder] --><\/div>\n<p><!-- [et_pb_line_break_holder] --><!--.\/cdm-card--><\/div>\n<p><!-- [et_pb_line_break_holder] --><!--.\/container--><\/div>\n<p><!-- [et_pb_line_break_holder] --><!--.\/cdm-page-->[\/et_pb_code][et_pb_code module_class=&#8221;iframe-privacidad&#8221; _builder_version=&#8221;4.27.4&#8243; _module_preset=&#8221;default&#8221; hover_enabled=&#8221;0&#8243; custom_css_free_form=&#8221;.iframe-privacidad iframe {width:100%; height:5500px}||@media(max-width: 1024px){||    .iframe-privacidad iframe{||    height: 6850px;||  }||}||@media(max-width: 768px){||  .iframe-privacidad iframe{||    height: 7840px;||  }||}||@media(max-width: 425px){||  .iframe-privacidad iframe{||    height: 7000px;||  }||}&#8221; global_colors_info=&#8221;{}&#8221; sticky_enabled=&#8221;0&#8243;]<iframe data-src=\"https:\/\/lawwwing.com\/documents\/ede71168-5dcb-41f5-8564-32bcaa801951\/privacy-policy\/en\/\" src=\"data:image\/svg+xml;base64,PHN2ZyB3aWR0aD0iMSIgaGVpZ2h0PSIxIiB4bWxucz0iaHR0cDovL3d3dy53My5vcmcvMjAwMC9zdmciPjwvc3ZnPg==\" class=\"lazyload\" data-load-mode=\"1\"><\/iframe><!-- [et_pb_line_break_holder] -->[\/et_pb_code][\/et_pb_column][\/et_pb_row][\/et_pb_section]<\/p>\n","protected":false},"excerpt":{"rendered":"","protected":false},"author":3,"featured_media":0,"parent":16422,"menu_order":0,"comment_status":"closed","ping_status":"closed","template":"","meta":{"_acf_changed":false,"_et_pb_use_builder":"on","_et_pb_old_content":"","_et_gb_content_width":"","footnotes":""},"categoria-de-pagina":[],"class_list":["post-16372","page","type-page","status-publish","hentry"],"acf":[],"_links":{"self":[{"href":"https:\/\/www.marketinet.com\/en\/wp-json\/wp\/v2\/pages\/16372","targetHints":{"allow":["GET"]}}],"collection":[{"href":"https:\/\/www.marketinet.com\/en\/wp-json\/wp\/v2\/pages"}],"about":[{"href":"https:\/\/www.marketinet.com\/en\/wp-json\/wp\/v2\/types\/page"}],"author":[{"embeddable":true,"href":"https:\/\/www.marketinet.com\/en\/wp-json\/wp\/v2\/users\/3"}],"replies":[{"embeddable":true,"href":"https:\/\/www.marketinet.com\/en\/wp-json\/wp\/v2\/comments?post=16372"}],"version-history":[{"count":12,"href":"https:\/\/www.marketinet.com\/en\/wp-json\/wp\/v2\/pages\/16372\/revisions"}],"predecessor-version":[{"id":33150,"href":"https:\/\/www.marketinet.com\/en\/wp-json\/wp\/v2\/pages\/16372\/revisions\/33150"}],"up":[{"embeddable":true,"href":"https:\/\/www.marketinet.com\/en\/wp-json\/wp\/v2\/pages\/16422"}],"wp:attachment":[{"href":"https:\/\/www.marketinet.com\/en\/wp-json\/wp\/v2\/media?parent=16372"}],"wp:term":[{"taxonomy":"categoria-de-pagina","embeddable":true,"href":"https:\/\/www.marketinet.com\/en\/wp-json\/wp\/v2\/categoria-de-pagina?post=16372"}],"curies":[{"name":"wp","href":"https:\/\/api.w.org\/{rel}","templated":true}]}}