{"id":13246,"date":"2024-04-30T11:07:26","date_gmt":"2024-04-30T09:07:26","guid":{"rendered":"https:\/\/www.marketinet.com\/ampscript-for-marketers\/"},"modified":"2025-10-23T12:49:31","modified_gmt":"2025-10-23T10:49:31","slug":"ampscript-for-marketers","status":"publish","type":"page","link":"https:\/\/www.marketinet.com\/en\/ebooks\/ampscript-for-marketers\/","title":{"rendered":"Ampscript, the Marketing Cloud scripting language"},"content":{"rendered":"<p>[et_pb_section fb_built=&#8221;1&#8243; _builder_version=&#8221;4.24.0&#8243; _module_preset=&#8221;default&#8221; global_colors_info=&#8221;{}&#8221;][et_pb_row _builder_version=&#8221;4.24.0&#8243; _module_preset=&#8221;default&#8221; width=&#8221;100%&#8221; width_tablet=&#8221;&#8221; width_phone=&#8221;&#8221; width_last_edited=&#8221;on|desktop&#8221; max_width=&#8221;1400px&#8221; global_colors_info=&#8221;{}&#8221;][et_pb_column type=&#8221;4_4&#8243; _builder_version=&#8221;4.24.0&#8243; _module_preset=&#8221;default&#8221; global_colors_info=&#8221;{}&#8221;][et_pb_image src=&#8221;https:\/\/www.marketinet.com\/wp-content\/uploads\/2024\/01\/cabecera_landing-1.jpg&#8221; alt=&#8221;AMPSCRIPT FOR MARKETERS&#8221; title_text=&#8221;AMPSCRIPT FOR MARKETERS&#8221; _builder_version=&#8221;4.24.0&#8243; _module_preset=&#8221;default&#8221; global_colors_info=&#8221;{}&#8221;][\/et_pb_image][\/et_pb_column][\/et_pb_row][\/et_pb_section][et_pb_section fb_built=&#8221;1&#8243; admin_label=&#8221;S22_Modulo-img-txt-form&#8221; _builder_version=&#8221;4.24.0&#8243; _module_preset=&#8221;default&#8221; custom_margin=&#8221;20px||||false|false&#8221; global_colors_info=&#8221;{}&#8221;][et_pb_row column_structure=&#8221;1_4,1_2,1_4&#8243; use_custom_gutter=&#8221;on&#8221; gutter_width=&#8221;2&#8243; _builder_version=&#8221;4.24.0&#8243; _module_preset=&#8221;default&#8221; width=&#8221;90%&#8221; global_colors_info=&#8221;{}&#8221;][et_pb_column type=&#8221;1_4&#8243; _builder_version=&#8221;4.24.0&#8243; _module_preset=&#8221;default&#8221; global_colors_info=&#8221;{}&#8221;][et_pb_image src=&#8221;https:\/\/www.marketinet.com\/wp-content\/uploads\/2024\/01\/ebook_3d_apaisado-1.png&#8221; alt=&#8221;AMPSCRIPT FOR MARKETERS&#8221; title_text=&#8221;AMPSCRIPT FOR MARKETERS&#8221; _builder_version=&#8221;4.24.0&#8243; _module_preset=&#8221;default&#8221; global_colors_info=&#8221;{}&#8221;][\/et_pb_image][\/et_pb_column][et_pb_column type=&#8221;1_2&#8243; _builder_version=&#8221;4.24.0&#8243; _module_preset=&#8221;default&#8221; global_colors_info=&#8221;{}&#8221;][et_pb_text admin_label=&#8221;Titulo deco&#8221; _builder_version=&#8221;4.27.0&#8243; _module_preset=&#8221;default&#8221; text_text_color=&#8221;#000000&#8243; text_font_size=&#8221;18px&#8221; header_font=&#8221;Raleway||||||||&#8221; header_font_size=&#8221;38px&#8221; header_letter_spacing=&#8221;-2.5px&#8221; header_line_height=&#8221;1.1em&#8221; header_2_font=&#8221;Raleway||||||||&#8221; header_2_text_align=&#8221;left&#8221; header_2_font_size=&#8221;38px&#8221; header_2_letter_spacing=&#8221;-2.5px&#8221; header_2_line_height=&#8221;1.1em&#8221; custom_margin=&#8221;35px||35px||false|false&#8221; header_2_font_size_tablet=&#8221;38px&#8221; header_2_font_size_phone=&#8221;28px&#8221; header_2_font_size_last_edited=&#8221;on|phone&#8221; custom_css_before=&#8221;    background: #f39322;||    content: %22 %22;||    height: 6px;||    left: 0;||    position: absolute;||    top: -10px;||    width: 125px;&#8221; custom_css_main_element=&#8221;position:relative&#8221; custom_css_free_form=&#8221;.orange-bullets{   margin: 20px 0 10px;font-weight: 400;font-size: 16px;line-height: 23px;color: #000000;list-style: none;}||.orange-bullets li{position: relative; padding: 0 0 0 20px;list-style:none;}||.orange-bullets li:before{content:%22%22;width:12px; height:12px; background:#F39322; position: absolute; top: 6px; left:0; border-radius:50% }||&#8221; global_colors_info=&#8221;{}&#8221;]<\/p>\n<h1>Ampscript, the Marketing Cloud scripting language<\/h1>\n<p>[\/et_pb_text][et_pb_text _builder_version=&#8221;4.24.0&#8243; _module_preset=&#8221;default&#8221; text_text_color=&#8221;#000000&#8243; text_font_size=&#8221;18px&#8221; global_colors_info=&#8221;{}&#8221;]<\/p>\n<p>\u00bfAre you getting started with Ampscript and you don&#8217;t know what it is, you don&#8217;t know the language very well, you have doubts about its functionalities?<\/p>\n<p>If the answer to any of these questions is &#8220;yes&#8221;, the ebook &#8220;Ampscript for marketers&#8221; will help you answer these and other questions.<\/p>\n<p>Through four chapters you will learn all about Ampscript, the Marketing Cloud scripting language.<\/p>\n<p>-&gt;1. The Ampscript language<\/p>\n<p>-&gt;2. Conditional logics<\/p>\n<p>-&gt;3. Ampscript functions<\/p>\n<p>-&gt;4. Examples and cases studies<\/p>\n<p>Don&#8217;t hesitate and download it now!<\/p>\n<p>[\/et_pb_text][\/et_pb_column][et_pb_column type=&#8221;1_4&#8243; _builder_version=&#8221;4.24.0&#8243; _module_preset=&#8221;default&#8221; global_colors_info=&#8221;{}&#8221;][et_pb_text admin_label=&#8221;Titulo deco&#8221; _builder_version=&#8221;4.24.0&#8243; _module_preset=&#8221;default&#8221; text_text_color=&#8221;#000000&#8243; text_font_size=&#8221;18px&#8221; header_2_font=&#8221;Raleway||||||||&#8221; header_2_text_align=&#8221;right&#8221; header_2_font_size=&#8221;38px&#8221; header_2_letter_spacing=&#8221;-2.5px&#8221; header_2_line_height=&#8221;1.1em&#8221; custom_margin=&#8221;35px||35px||false|false&#8221; header_2_font_size_tablet=&#8221;38px&#8221; header_2_font_size_phone=&#8221;28px&#8221; header_2_font_size_last_edited=&#8221;on|phone&#8221; custom_css_before=&#8221;    background: #f39322;||    content: %22 %22;||    height: 6px;||    right: 0;||    position: absolute;||    bottom: -10px;||    width: 125px;&#8221; custom_css_main_element=&#8221;position:relative&#8221; custom_css_free_form=&#8221;||&#8221; global_colors_info=&#8221;{}&#8221;]<\/p>\n<h2>Descargar ebook<\/h2>\n<p>[\/et_pb_text][et_pb_code disabled_on=&#8221;on|on|on&#8221; module_class=&#8221;form-ac landing&#8221; _builder_version=&#8221;4.27.4&#8243; _module_preset=&#8221;default&#8221; hover_enabled=&#8221;0&#8243; disabled=&#8221;on&#8221; global_colors_info=&#8221;{}&#8221; sticky_enabled=&#8221;0&#8243;][activecampaign form=65 css=0][\/et_pb_code][et_pb_code disabled_on=&#8221;on|on|on&#8221; _builder_version=&#8221;4.27.4&#8243; _module_preset=&#8221;default&#8221; hover_enabled=&#8221;0&#8243; disabled=&#8221;on&#8221; global_colors_info=&#8221;{}&#8221; sticky_enabled=&#8221;0&#8243;]<!--[hubspot type=\"form\" portal=\"617233\" id=\"c77c38f1-2ec1-4998-aa40-b3d1885f8beb\"]--><!-- [et_pb_line_break_holder] --><script charset=\"utf-8\" type=\"text\/javascript\" src=\"\/\/js.hsforms.net\/forms\/v2.js\"><\/script><!-- [et_pb_line_break_holder] --><\/p>\n<div id=\"hubspot-form\"><\/div>\n<p><!-- [et_pb_line_break_holder] --><script><!-- [et_pb_line_break_holder] -->jQuery(document).ready(function () {<!-- [et_pb_line_break_holder] -->    hbspt.forms.create({<!-- [et_pb_line_break_holder] -->        portalId: \"617233\",<!-- [et_pb_line_break_holder] -->        formId: \"c77c38f1-2ec1-4998-aa40-b3d1885f8beb\",<!-- [et_pb_line_break_holder] -->     \t\ttarget: \"#hubspot-form\",<!-- [et_pb_line_break_holder] -->        onFormSubmit: function ($form) {<!-- [et_pb_line_break_holder] -->          \tlet currentUrl = window.location.href;<!-- [et_pb_line_break_holder] -->            let newUrl = currentUrl.replace(\/\\\/$\/, '') + '-tyresource\/';<!-- [et_pb_line_break_holder] -->            window.location.href = newUrl;<!-- [et_pb_line_break_holder] -->        }<!-- [et_pb_line_break_holder] -->    });<!-- [et_pb_line_break_holder] -->});<!-- [et_pb_line_break_holder] --><\/script>[\/et_pb_code][et_pb_code module_class=&#8221;form-ac landing&#8221; _builder_version=&#8221;4.27.4&#8243; _module_preset=&#8221;default&#8221; hover_enabled=&#8221;0&#8243; global_colors_info=&#8221;{}&#8221; sticky_enabled=&#8221;0&#8243;]\n\t\t\t\t<script src=\"https:\/\/challenges.cloudflare.com\/turnstile\/v0\/api.js\"><\/script>\n\n\t\t\t\n\t\t\t<form id=\"sib_signup_form_26\" method=\"post\" class=\"sib_signup_form\">\n\t\t\t\t<div class=\"sib_loader\" style=\"display:none;\"><img\n\t\t\t\t\t\t\tdata-src=\"https:\/\/www.marketinet.com\/wp-includes\/images\/spinner.gif\" alt=\"loader\" src=\"data:image\/svg+xml;base64,PHN2ZyB3aWR0aD0iMSIgaGVpZ2h0PSIxIiB4bWxucz0iaHR0cDovL3d3dy53My5vcmcvMjAwMC9zdmciPjwvc3ZnPg==\" class=\"lazyload\"><\/div>\n\t\t\t\t<input type=\"hidden\" name=\"sib_form_action\" value=\"subscribe_form_submit\">\n\t\t\t\t<input type=\"hidden\" name=\"sib_form_id\" value=\"26\">\n                <input type=\"hidden\" name=\"sib_form_alert_notice\" value=\"This field is required and mandatory.\">\n                <input type=\"hidden\" name=\"sib_form_invalid_email_notice\" value=\"The email address is incorrect.\">\n                <input type=\"hidden\" name=\"sib_security\" value=\"cc03f71404\">\n\t\t\t\t<div class=\"sib_signup_box_inside_26\">\n\t\t\t\t\t<div style=\"\/*display:none*\/\" class=\"sib_msg_disp\">\n\t\t\t\t\t<\/div>\n                                            <div id=\"sib_captcha_invisible\" class=\"invi-recaptcha\" data-sitekey=\"\"><\/div>\n                    \t\t\t\t\t<code>\r\n<!-- CAMPOS DE EBOOK -->\r\n<!-- Nombre del Ebook -->\r\n<p class=\"sib-EBOOK_DESCARGADO-area\" style=\"display:none\"> \r\n    <label class=\"sib-EBOOK_DESCARGADO-area\">EBOOK_DESCARGADO<\/label> \r\n    <input type=\"text\" class=\"sib-EBOOK_DESCARGADO-area\" name=\"EBOOK_DESCARGADO\" value=\"Ampscript, the Marketing Cloud scripting language\"> \r\n<\/p>\r\n<!-- URL TY ebook -->\r\n<p class=\"sib-EBOOK_DESCARGADO_URL_TY-area\" style=\"display:none\"> \r\n    <label class=\"sib-EBOOK_DESCARGADO_URL_TY-area\">EBOOK_DESCARGADO_URL_TY<\/label> \r\n    <input type=\"text\" class=\"sib-EBOOK_DESCARGADO_URL_TY-area\" name=\"EBOOK_DESCARGADO_URL_TY\" value=\"https:\/\/www.marketinet.com\/en\/ebooks\/ampscript-for-marketers-tyresource\/\"> \r\n\r\n<\/p>\r\n\r\n<!--- Fin Ebooks-->\r\n<code><!-- CAMPOS ADICIONALES DE ACEPTACI\u00d3N Y ORIGEN -->\r\n<p class=\"sib-LANGUAGE-area\" style=\"display:none\">  \r\n    <label class=\"sib-LANGUAGE-area\">LANGUAGE<\/label> \r\n    <input type=\"text\" class=\"sib-LANGUAGE-area\" name=\"LANGUAGE\" value=\"EN\"> \r\n<\/p>\r\n<p class=\"sib-LT_REFERRER-area\" style=\"display:none\">  \r\n    <label class=\"sib-LT_REFERRER-area\">LT_REFERRER<\/label> \r\n    <input type=\"text\" class=\"sib-LT_REFERRER-area\" name=\"LT_REFERRER\"> \r\n<\/p>\r\n<p class=\"sib-LT_REFERRER_EXTERNAL-area\" style=\"display:none\">   \r\n    <label class=\"sib-LT_REFERRER_EXTERNAL-area\">LT_REFERRER_EXTERNAL<\/label> \r\n    <input type=\"text\" class=\"sib-LT_REFERRER_EXTERNAL-area\" name=\"LT_REFERRER_EXTERNAL\"> \r\n<\/p>\r\n<p class=\"sib-LT_LANDING_PAGE-area\" style=\"display:none\">  \r\n    <label class=\"sib-LT_LANDING_PAGE-area\">LT_LANDING_PAGE<\/label> \r\n    <input type=\"text\" class=\"sib-LT_LANDING_PAGE-area\" name=\"LT_LANDING_PAGE\"> \r\n<\/p>\r\n<p class=\"sib-LT_TIMESTAMP-area\" style=\"display:none\">  \r\n    <label class=\"sib-LT_TIMESTAMP-area\">LT_TIMESTAMP<\/label> \r\n    <input type=\"text\" class=\"sib-LT_TIMESTAMP-area\" name=\"LT_TIMESTAMP\"> \r\n<\/p>\r\n\r\n<p class=\"sib-LEAD_SOURCE-area\" style=\"display:none\"> \r\n    <label class=\"sib-LEAD_SOURCE-area\">LEAD_SOURCE<\/label> \r\n    <input type=\"text\" class=\"sib-LEAD_SOURCE-area\" name=\"LEAD_SOURCE\"> \r\n<\/p>\r\n<p class=\"sib-IP_COUNTRY-area\" style=\"display:none\">  \r\n    <label class=\"sib-IP_COUNTRY-area\">IP_COUNTRY<\/label> \r\n    <input type=\"text\" class=\"sib-IP_COUNTRY-area\" name=\"IP_COUNTRY\"> \r\n<\/p>\r\n<p class=\"sib-IP_COUNTRY_ISO_CODE-area\" style=\"display:none\">\r\n    <label class=\"sib-IP_COUNTRY_ISO_CODE-area\">IP_COUNTRY_ISO_CODE<\/label> \r\n    <input type=\"text\" class=\"sib-IP_COUNTRY_ISO_CODE-area\" name=\"IP_COUNTRY_ISO_CODE\"> \r\n<\/p>\r\n<p class=\"sib-BROWSER_LANGUAGE-area\" style=\"display:none\"> \r\n    <label class=\"sib-BROWSER_LANGUAGE-area\">BROWSER_LANGUAGE<\/label> \r\n    <input type=\"text\" class=\"sib-BROWSER_LANGUAGE-area\" name=\"BROWSER_LANGUAGE\"> \r\n<\/p>\r\n<!-- Last touch -->\r\n<p class=\"sib-UTM_SOURCE-area\" style=\"display:none\"><label for=\"UTM_SOURCE\">UTM_SOURCE<\/label><input type=\"text\" id=\"UTM_SOURCE\" name=\"UTM_SOURCE\"><\/p>\r\n<p class=\"sib-UTM_MEDIUM-area\" style=\"display:none\"><label for=\"UTM_MEDIUM\">UTM_MEDIUM<\/label><input type=\"text\" id=\"UTM_MEDIUM\" name=\"UTM_MEDIUM\" value=\"hola\"><\/p>\r\n<p class=\"sib-UTM_CAMPAIGN-area\" style=\"display:none\"><label for=\"UTM_CAMPAIGN\">UTM_CAMPAIGN<\/label><input type=\"text\" id=\"UTM_CAMPAIGN\" name=\"UTM_CAMPAIGN\"><\/p>\r\n<p class=\"sib-UTM_CONTENT-area\" style=\"display:none\"><label for=\"UTM_CONTENT\">UTM_CONTENT<\/label><input type=\"text\" id=\"UTM_CONTENT\" name=\"UTM_CONTENT\"><\/p>\r\n<p class=\"sib-UTM_TERM-area\" style=\"display:none\"><label for=\"UTM_TERM\">UTM_TERM<\/label><input type=\"text\" id=\"UTM_TERM\" name=\"UTM_TERM\"><\/p>\r\n<p class=\"sib-CHANNEL-area\" style=\"display:none\"><label for=\"CHANNEL\">CHANNEL<\/label><input type=\"text\" id=\"CHANNEL\" name=\"CHANNEL\"><\/p>\r\n<p class=\"sib-IS_AI_TRAFFIC-area\" style=\"display:none\"><label for=\"IS_AI_TRAFFIC\">IS_AI_TRAFFIC<\/label><input type=\"text\" id=\"IS_AI_TRAFFIC\" name=\"IS_AI_TRAFFIC\"><\/p>\r\n<p class=\"sib-FT_SOURCE-area\" style=\"display:none\"><label for=\"FT_SOURCE\">FT_SOURCE<\/label><input type=\"text\" id=\"FT_SOURCE\" name=\"FT_SOURCE\"><\/p>\r\n<p class=\"sib-FT_MEDIUM-area\" style=\"display:none\"><label for=\"FT_MEDIUM\">FT_MEDIUM<\/label><input type=\"text\" id=\"FT_MEDIUM\" name=\"FT_MEDIUM\"><\/p>\r\n<p class=\"sib-FT_CAMPAIGN-area\" style=\"display:none\"><label for=\"FT_CAMPAIGN\">FT_CAMPAIGN<\/label><input type=\"text\" id=\"FT_CAMPAIGN\" name=\"FT_CAMPAIGN\"><\/p>\r\n<p class=\"sib-FT_CHANNEL-area\" style=\"display:none\"><label for=\"FT_CHANNEL\">FT_CHANNEL<\/label><input type=\"text\" id=\"FT_CHANNEL\" name=\"FT_CHANNEL\"><\/p>\r\n\r\n<!-- campos de aceptaci\u00f3n -->\r\n<p class=\"sib-OPT_IN-area\" style=\"display:none\"> \r\n    <label class=\"sib-OPT_IN-area\">OPT_IN<\/label> \r\n  <input type=\"hidden\" name=\"OPT_IN\" value=\"1\"><input type=\"checkbox\" value=\"1\" class=\"sib-OPT_IN-area\" name=\"OPT_IN\"> \r\n<\/p>\r\n<p class=\"sib-MARKETING_CONSENT-area\" style=\"display:none\"> \r\n    <label class=\"sib-MARKETING_CONSENT-area\">MARKETING_CONSENT<\/label> \r\n  <input type=\"hidden\" name=\"MARKETING_CONSENT\" value=\"1\"><input type=\"checkbox\" value=\"1\" class=\"sib-MARKETING_CONSENT-area\" name=\"MARKETING_CONSENT\"> \r\n<\/p>\r\n<!-- campos visibles -->\r\n<p class=\"sib-NOMBRE-area\"> \r\n    <input type=\"text\" class=\"sib-NOMBRE-area\" name=\"NOMBRE\" placeholder=\"First Name\" required=\"required\"> \r\n<\/p>\r\n<p class=\"sib-APELLIDOS-area\"> \r\n    <input type=\"text\" class=\"sib-APELLIDOS-area\" name=\"APELLIDOS\" placeholder=\"Last name(s)\"> \r\n<\/p>\r\n<p class=\"sib-email-area\">\r\n    <input type=\"email\" class=\"sib-email-area\" name=\"email\" required=\"required\" placeholder=\"Email\">\r\n<\/p>\r\n<input type=\"checkbox\" name=\"terms\" required=\"required\">I accept the\r\n <a href=\"https:\/\/www.marketinet.com\/agencia-marketing-digital\/politica-de-privacidad\/\"> Privacy Policy<\/a> <br>\r\n<br>\r\n<p><input type=\"submit\" class=\"sib-default-btn\" name=\"submit\" value=\"I want to download the ebook\"> <\/p>\r\n<br><div id=\"cf-turnstile-0x4AAAAAAB5GrTA0zflgKTlQ\" class=\"cf-turnstile\" data-error-callback=\"errorCallbackForTurnstileErrors\" data-sitekey=\"0x4AAAAAAB5GrTA0zflgKTlQ\" data-theme=\"auto\"><\/div>\r\n<p>I authorize Marketinet to process and store my personal data for downloading this ebook and other content of interest to me, according to the terms set out in its <a href=\"https:\/\/www.marketinet.com\/agencia-marketing-digital\/politica-de-privacidad\/\">Privacy Policy<\/a>.*<\/p>\r\n\r\n\r\n\t\t\t\t<\/div>\n\t\t\t<\/form>\n\t\t\t<style>\n\t\t\t\tform#sib_signup_form_26 p.sib-alert-message {\n    padding: 6px 12px;\n    margin-bottom: 20px;\n    border: 1px solid transparent;\n    border-radius: 4px;\n    -webkit-box-sizing: border-box;\n    -moz-box-sizing: border-box;\n    box-sizing: border-box;\n}\nform#sib_signup_form_26 p.sib-alert-message-error {\n    background-color: #f2dede;\n    border-color: #ebccd1;\n    color: #a94442;\n}\nform#sib_signup_form_26 p.sib-alert-message-success {\n    background-color: #dff0d8;\n    border-color: #d6e9c6;\n    color: #3c763d;\n}\nform#sib_signup_form_26 p.sib-alert-message-warning {\n    background-color: #fcf8e3;\n    border-color: #faebcc;\n    color: #8a6d3b;\n}\n\t\t\t<\/style>\n\t\t\t[\/et_pb_code][\/et_pb_column][\/et_pb_row][et_pb_row _builder_version=&#8221;4.24.0&#8243; _module_preset=&#8221;default&#8221; global_colors_info=&#8221;{}&#8221;][et_pb_column type=&#8221;4_4&#8243; _builder_version=&#8221;4.24.0&#8243; _module_preset=&#8221;default&#8221; global_colors_info=&#8221;{}&#8221;][et_pb_divider show_divider=&#8221;off&#8221; _builder_version=&#8221;4.24.0&#8243; _module_preset=&#8221;default&#8221; custom_margin=&#8221;20px||||false|false&#8221; global_colors_info=&#8221;{}&#8221;][\/et_pb_divider][et_pb_text admin_label=&#8221;Titulo deco&#8221; _builder_version=&#8221;4.24.0&#8243; _module_preset=&#8221;default&#8221; text_text_color=&#8221;#000000&#8243; text_font_size=&#8221;18px&#8221; header_2_font=&#8221;Raleway||||||||&#8221; header_2_text_align=&#8221;left&#8221; header_2_font_size=&#8221;38px&#8221; header_2_letter_spacing=&#8221;-2.5px&#8221; header_2_line_height=&#8221;1.1em&#8221; custom_margin=&#8221;35px||35px||false|false&#8221; header_2_font_size_tablet=&#8221;38px&#8221; header_2_font_size_phone=&#8221;28px&#8221; header_2_font_size_last_edited=&#8221;on|phone&#8221; custom_css_before=&#8221;    background: #f39322;||    content: %22 %22;||    height: 6px;||    left: 0;||    position: absolute;||    top: -10px;||    width: 125px;&#8221; custom_css_main_element=&#8221;position:relative&#8221; custom_css_free_form=&#8221;.orange-bullets{   margin: 20px 0 10px;font-weight: 400;font-size: 16px;line-height: 23px;color: #000000;list-style: none;}||.orange-bullets li{position: relative; padding: 0 0 0 20px;list-style:none;}||.orange-bullets li:before{content:%22%22;width:12px; height:12px; background:#F39322; position: absolute; top: 6px; left:0; border-radius:50% }||&#8221; global_colors_info=&#8221;{}&#8221;]<\/p>\n<h2><span>Somos partners de<\/span><\/h2>\n<p>[\/et_pb_text][\/et_pb_column][\/et_pb_row][\/et_pb_section]<\/p>\n","protected":false},"excerpt":{"rendered":"<p>En este manual, encontrar\u00e1s un mini-curso de ampscript (el lenguaje de programaci\u00f3n de Salesforce Marketing Cloud) para perfiles no t\u00e9cnicos y haciendo foco en sacarle partido desde la perspectiva de Marketing.<br \/>\nTodo tiene en paralelo v\u00eddeos en youtube para aprender de forma m\u00e1s f\u00e1cil todos los conceptos.<\/p>\n","protected":false},"author":3,"featured_media":5634,"parent":13251,"menu_order":0,"comment_status":"closed","ping_status":"closed","template":"","meta":{"_acf_changed":false,"_et_pb_use_builder":"on","_et_pb_old_content":"[et_pb_section fb_built=\"1\" admin_label=\"S22_Header_interna \" _builder_version=\"4.24.0\" _module_preset=\"default\" background_image=\"https:\/\/www.marketinet.com\/wp-content\/uploads\/2024\/01\/lp-analitica-1.jpg\" background_position=\"top_right\" hover_enabled=\"0\" background_last_edited=\"on|phone\" background_image_tablet=\"https:\/\/www.marketinet.com\/wp-content\/uploads\/2024\/04\/cabecera_landing.webp\" background_image_phone=\"https:\/\/www.marketinet.com\/wp-content\/uploads\/2024\/01\/lp-analitica-1.jpg\" background_enable_image_tablet=\"on\" background_enable_image_phone=\"on\" custom_css_main_element=\"min-height:350px;||display: flex;||    flex-direction: column;||    height: 100%;||    justify-content: center;||\" global_colors_info=\"{}\" alt=\"Anal\u00edtica\" title_text=\"Anal\u00edtica\" sticky_enabled=\"0\"][\/et_pb_section][et_pb_section fb_built=\"1\" admin_label=\"S22_Modulo-img-txt-form\" _builder_version=\"4.24.0\" _module_preset=\"default\" custom_margin=\"20px||||false|false\" global_colors_info=\"{}\"][et_pb_row column_structure=\"1_4,1_2,1_4\" use_custom_gutter=\"on\" gutter_width=\"2\" _builder_version=\"4.24.0\" _module_preset=\"default\" width=\"90%\" global_colors_info=\"{}\"][et_pb_column type=\"1_4\" _builder_version=\"4.24.0\" _module_preset=\"default\" global_colors_info=\"{}\"][et_pb_image src=\"https:\/\/www.marketinet.com\/wp-content\/uploads\/2024\/01\/ebook_metricas_analytics-1.png\" alt=\"M\u00e9tricas de Analytics para mejorar tu estrategia digital\" title_text=\"M\u00e9tricas de Analytics para mejorar tu estrategia digital\" _builder_version=\"4.24.0\" _module_preset=\"default\" hover_enabled=\"0\" global_colors_info=\"{}\" sticky_enabled=\"0\"][\/et_pb_image][\/et_pb_column][et_pb_column type=\"1_2\" _builder_version=\"4.24.0\" _module_preset=\"default\" global_colors_info=\"{}\"][et_pb_text admin_label=\"Titulo deco\" _builder_version=\"4.24.0\" _module_preset=\"default\" text_text_color=\"#000000\" text_font_size=\"18px\" header_2_font=\"Raleway||||||||\" header_2_text_align=\"left\" header_2_font_size=\"38px\" header_2_letter_spacing=\"-2.5px\" header_2_line_height=\"1.1em\" custom_margin=\"35px||35px||false|false\" hover_enabled=\"0\" header_2_font_size_tablet=\"38px\" header_2_font_size_phone=\"28px\" header_2_font_size_last_edited=\"on|phone\" custom_css_before=\"    background: #f39322;||    content: %22 %22;||    height: 6px;||    left: 0;||    position: absolute;||    top: -10px;||    width: 125px;\" custom_css_main_element=\"position:relative\" custom_css_free_form=\".orange-bullets{   margin: 20px 0 10px;font-weight: 400;font-size: 16px;line-height: 23px;color: #000000;list-style: none;}||.orange-bullets li{position: relative; padding: 0 0 0 20px;list-style:none;}||.orange-bullets li:before{content:%22%22;width:12px; height:12px; background:#F39322; position: absolute; top: 6px; left:0; border-radius:50% }||\" global_colors_info=\"{}\" sticky_enabled=\"0\"]<h2>Analytics para mejorar tu estrategia Digital<\/h2>[\/et_pb_text][et_pb_text _builder_version=\"4.24.0\" _module_preset=\"default\" text_text_color=\"#000000\" text_font_size=\"18px\" hover_enabled=\"0\" global_colors_info=\"{}\" sticky_enabled=\"0\"]<p>Para sacar el m\u00e1ximo partido y hacer que tu estrategia digital funcione se necesita<strong> estudiar c\u00f3mo se comportan los usuarios<\/strong> que visitan tu p\u00e1gina web, de ah\u00ed la importancia de instalar <strong>Google Analytics<\/strong> en tu sitio web.<\/p>\n<p>En este ebook te ofrecemos <strong>consejos para ayudarte a medir mejor tus KPIs<\/strong> , entre sus p\u00e1ginas descubrir\u00e1s las m\u00e9tricas adecuadas para:<\/p>\n<ul>\n<li>Medir tu sitio web<\/li>\n<li>Saber si tu estrategia SEO est\u00e1 funcionando<\/li>\n<li>Medir el tr\u00e1fico procedente de las campa\u00f1as de pago<\/li>\n<li>Analizar tu estrategia de Social Media<\/li>\n<li>Medir tus campa\u00f1as de email marketing<\/li>\n<\/ul>\n<p>Adem\u00e1s de una serie de conclusiones y consejos para <strong>desarrollar estrategias de marketing digital exitosas.<\/strong><\/p>[\/et_pb_text][\/et_pb_column][et_pb_column type=\"1_4\" _builder_version=\"4.24.0\" _module_preset=\"default\" global_colors_info=\"{}\"][et_pb_text admin_label=\"Titulo deco\" _builder_version=\"4.24.0\" _module_preset=\"default\" text_text_color=\"#000000\" text_font_size=\"18px\" header_2_font=\"Raleway||||||||\" header_2_text_align=\"right\" header_2_font_size=\"38px\" header_2_letter_spacing=\"-2.5px\" header_2_line_height=\"1.1em\" custom_margin=\"35px||35px||false|false\" header_2_font_size_tablet=\"38px\" header_2_font_size_phone=\"28px\" header_2_font_size_last_edited=\"on|phone\" custom_css_before=\"    background: #f39322;||    content: %22 %22;||    height: 6px;||    right: 0;||    position: absolute;||    bottom: -10px;||    width: 125px;\" custom_css_main_element=\"position:relative\" custom_css_free_form=\"||\" global_colors_info=\"{}\"]<h2>Descargar ebook<\/h2>[\/et_pb_text][et_pb_code module_class=\"form-ac landing\" _builder_version=\"4.24.0\" _module_preset=\"default\" global_colors_info=\"{}\"][activecampaign form=5 css=0][\/et_pb_code][\/et_pb_column][\/et_pb_row][et_pb_row _builder_version=\"4.24.0\" _module_preset=\"default\" global_colors_info=\"{}\"][et_pb_column type=\"4_4\" _builder_version=\"4.24.0\" _module_preset=\"default\" global_colors_info=\"{}\"][et_pb_divider show_divider=\"off\" _builder_version=\"4.24.0\" _module_preset=\"default\" custom_margin=\"20px||||false|false\" global_colors_info=\"{}\"][\/et_pb_divider][et_pb_text admin_label=\"Titulo deco\" _builder_version=\"4.24.0\" _module_preset=\"default\" text_text_color=\"#000000\" text_font_size=\"18px\" header_2_font=\"Raleway||||||||\" header_2_text_align=\"left\" header_2_font_size=\"38px\" header_2_letter_spacing=\"-2.5px\" header_2_line_height=\"1.1em\" custom_margin=\"35px||35px||false|false\" header_2_font_size_tablet=\"38px\" header_2_font_size_phone=\"28px\" header_2_font_size_last_edited=\"on|phone\" custom_css_before=\"    background: #f39322;||    content: %22 %22;||    height: 6px;||    left: 0;||    position: absolute;||    top: -10px;||    width: 125px;\" custom_css_main_element=\"position:relative\" custom_css_free_form=\".orange-bullets{   margin: 20px 0 10px;font-weight: 400;font-size: 16px;line-height: 23px;color: #000000;list-style: none;}||.orange-bullets li{position: relative; padding: 0 0 0 20px;list-style:none;}||.orange-bullets li:before{content:%22%22;width:12px; height:12px; background:#F39322; position: absolute; top: 6px; left:0; border-radius:50% }||\" global_colors_info=\"{}\"]<h2><span>Somos partners de<\/span><\/h2>[\/et_pb_text][\/et_pb_column][\/et_pb_row][\/et_pb_section]","_et_gb_content_width":"","footnotes":""},"categoria-de-pagina":[140],"class_list":["post-13246","page","type-page","status-publish","has-post-thumbnail","hentry"],"acf":[],"_links":{"self":[{"href":"https:\/\/www.marketinet.com\/en\/wp-json\/wp\/v2\/pages\/13246","targetHints":{"allow":["GET"]}}],"collection":[{"href":"https:\/\/www.marketinet.com\/en\/wp-json\/wp\/v2\/pages"}],"about":[{"href":"https:\/\/www.marketinet.com\/en\/wp-json\/wp\/v2\/types\/page"}],"author":[{"embeddable":true,"href":"https:\/\/www.marketinet.com\/en\/wp-json\/wp\/v2\/users\/3"}],"replies":[{"embeddable":true,"href":"https:\/\/www.marketinet.com\/en\/wp-json\/wp\/v2\/comments?post=13246"}],"version-history":[{"count":3,"href":"https:\/\/www.marketinet.com\/en\/wp-json\/wp\/v2\/pages\/13246\/revisions"}],"predecessor-version":[{"id":33726,"href":"https:\/\/www.marketinet.com\/en\/wp-json\/wp\/v2\/pages\/13246\/revisions\/33726"}],"up":[{"embeddable":true,"href":"https:\/\/www.marketinet.com\/en\/wp-json\/wp\/v2\/pages\/13251"}],"wp:featuredmedia":[{"embeddable":true,"href":"https:\/\/www.marketinet.com\/en\/wp-json\/wp\/v2\/media\/5634"}],"wp:attachment":[{"href":"https:\/\/www.marketinet.com\/en\/wp-json\/wp\/v2\/media?parent=13246"}],"wp:term":[{"taxonomy":"categoria-de-pagina","embeddable":true,"href":"https:\/\/www.marketinet.com\/en\/wp-json\/wp\/v2\/categoria-de-pagina?post=13246"}],"curies":[{"name":"wp","href":"https:\/\/api.w.org\/{rel}","templated":true}]}}